{"id":410,"date":"2023-11-21T02:19:38","date_gmt":"2023-11-21T02:19:38","guid":{"rendered":"https:\/\/itravel2madagascar.com\/?page_id=410"},"modified":"2024-02-08T10:43:41","modified_gmt":"2024-02-08T10:43:41","slug":"about-us","status":"publish","type":"page","link":"https:\/\/itravel2madagascar.com\/fr\/about-us\/","title":{"rendered":"A propos de nous"},"content":{"rendered":"<div data-elementor-type=\"wp-page\" data-elementor-id=\"410\" class=\"elementor elementor-410\" data-elementor-settings=\"{&quot;ha_cmc_init_switcher&quot;:&quot;no&quot;}\" data-elementor-post-type=\"page\">\n\t\t\t\t<div class=\"aux-parallax-section elementor-element elementor-element-96a6c08 e-flex e-con-boxed e-con e-parent\" data-id=\"96a6c08\" data-element_type=\"container\" data-settings=\"{&quot;background_background&quot;:&quot;gradient&quot;,&quot;_ha_eqh_enable&quot;:false}\">\n\t\t\t\t\t<div class=\"e-con-inner\">\n\t\t<div class=\"elementor-element elementor-element-85feb48 e-con-full e-flex e-con e-child\" data-id=\"85feb48\" data-element_type=\"container\" data-settings=\"{&quot;background_background&quot;:&quot;classic&quot;,&quot;_ha_eqh_enable&quot;:false}\">\n\t\t\t\t<div class=\"elementor-element elementor-element-e3c5dea aux-appear-watch-animation aux-fade-in-left-1 elementor-widget__width-auto elementor-widget elementor-widget-aux_image\" data-id=\"e3c5dea\" data-element_type=\"widget\" data-widget_type=\"aux_image.default\">\n\t\t\t\t<div class=\"elementor-widget-container\">\n\t\t\t\t\t<section class=\"widget-container aux-widget-image aux-alignnone aux-parent-aud434a0d4\">\n    <div class=\"aux-media-hint-frame\">\n        <div class=\"aux-media-image\" >\n        \n            \n\n            \n            <img fetchpriority=\"high\" decoding=\"async\" width=\"1000\" height=\"667\" src=\"data:image\/gif;base64,R0lGODlhAQABAIAAAAAAAP\/\/\/yH5BAEAAAAALAAAAAABAAEAAAIBRAA7\" class=\"aux-attachment aux-featured-image aux-attachment-id-764 aux-preload aux-blank\" alt=\"isalo\" data-ratio=\"1.5\" data-original-w=\"1000\" data-src=\"https:\/\/itravel2madagascar.com\/wp-content\/uploads\/2023\/11\/isalo.webp\" \/>            \n                <\/div>\n    <\/div>\n\n<\/section><!-- widget-container -->\t\t\t\t<\/div>\n\t\t\t\t<\/div>\n\t\t\t\t<\/div>\n\t\t<div class=\"elementor-element elementor-element-f174d8d e-con-full e-flex e-con e-child\" data-id=\"f174d8d\" data-element_type=\"container\" data-settings=\"{&quot;_ha_eqh_enable&quot;:false}\">\n\t\t\t\t<div class=\"elementor-element elementor-element-8c00dcf elementor-hidden-tablet elementor-hidden-phone aux-appear-watch-animation aux-fade-in-left elementor-widget elementor-widget-aux_image\" data-id=\"8c00dcf\" data-element_type=\"widget\" data-widget_type=\"aux_image.default\">\n\t\t\t\t<div class=\"elementor-widget-container\">\n\t\t\t\t\t<section class=\"widget-container aux-widget-image aux-alignnone aux-parent-auc1e5b99e\">\n    <div class=\"aux-media-hint-frame\">\n        <div class=\"aux-media-image\" >\n        \n            \n\n            \n            <img decoding=\"async\" width=\"300\" height=\"300\" src=\"data:image\/gif;base64,R0lGODlhAQABAIAAAAAAAP\/\/\/yH5BAEAAAAALAAAAAABAAEAAAIBRAA7\" class=\"aux-attachment aux-featured-image aux-attachment-id-177 aux-preload aux-blank\" alt=\"image 3\" data-ratio=\"1\" data-original-w=\"1080\" sizes=\"auto\" data-srcset=\"https:\/\/itravel2madagascar.com\/wp-content\/uploads\/2023\/10\/image-3-150x150.jpg 150w,https:\/\/itravel2madagascar.com\/wp-content\/uploads\/2023\/10\/image-3-300x300.jpg 300w,https:\/\/itravel2madagascar.com\/wp-content\/uploads\/2023\/10\/image-3-768x768.jpg 768w,https:\/\/itravel2madagascar.com\/wp-content\/uploads\/2023\/10\/image-3-1024x1024.jpg 1024w,https:\/\/itravel2madagascar.com\/wp-content\/uploads\/2023\/10\/image-3-300x300.jpg 300w\" data-src=\"https:\/\/itravel2madagascar.com\/wp-content\/uploads\/2023\/10\/image-3-300x300.jpg\" \/>            \n                <\/div>\n    <\/div>\n\n<\/section><!-- widget-container -->\t\t\t\t<\/div>\n\t\t\t\t<\/div>\n\t\t\t\t<div class=\"elementor-element elementor-element-eae4c31 aux-appear-watch-animation aux-fade-in-left-2 elementor-widget elementor-widget-aux_modern_heading\" data-id=\"eae4c31\" data-element_type=\"widget\" data-widget_type=\"aux_modern_heading.default\">\n\t\t\t\t<div class=\"elementor-widget-container\">\n\t\t\t\t\t<section class=\"aux-widget-modern-heading\">\n            <div class=\"aux-widget-inner\"><h2 class=\"aux-modern-heading-primary\">\n\n\n\n<\/h2><h3 class=\"aux-modern-heading-secondary\"><span class=\"aux-head-before\">R\u00e9alisez <\/span><span class=\"aux-head-highlight\">votre meilleur<\/span><span class=\"aux-head-after\">voyage avec nous<\/span><\/h3><div class=\"aux-modern-heading-divider\"><\/div><div class=\"aux-modern-heading-description\"><p>I Travel 2 Madagascar principalement connu comme IT2M est l\u2019un des plus jeunes Tour Op\u00e9rateur \u00e0 Antananarivo, Madagascar.\u00a0<\/p><\/div><\/div>\n        <\/section>\t\t\t\t<\/div>\n\t\t\t\t<\/div>\n\t\t\t\t<div class=\"elementor-element elementor-element-bb8877b aux-appear-watch-animation aux-fade-in-left elementor-widget elementor-widget-aux_button\" data-id=\"bb8877b\" data-element_type=\"widget\" data-widget_type=\"aux_button.default\">\n\t\t\t\t<div class=\"elementor-widget-container\">\n\t\t\t\t\t<span class=\"aux-lightbox-video\"><a  href=\"https:\/\/itravel2madagascar.com\/wp-content\/uploads\/2023\/12\/Madagascar-4k.mp4\" target=\"_self\"   data-type=\"video\" class=\"aux-button aux-medium aux-masala aux-curve aux-none aux-uppercase aux-open-video\" ><span class=\"aux-overlay\"><\/span><span class=\"aux-text\">Le secret de notre \u00eele<\/span><span class=\"aux-icon fa fa-play\"><\/span><\/a><\/span>\t\t\t\t<\/div>\n\t\t\t\t<\/div>\n\t\t\t\t<\/div>\n\t\t\t\t\t<\/div>\n\t\t\t\t<\/div>\n\t\t<div class=\"aux-parallax-section elementor-element elementor-element-83e6a09 e-flex e-con-boxed e-con e-parent\" data-id=\"83e6a09\" data-element_type=\"container\" data-settings=\"{&quot;background_background&quot;:&quot;classic&quot;,&quot;_ha_eqh_enable&quot;:false}\">\n\t\t\t\t\t<div class=\"e-con-inner\">\n\t\t<div class=\"elementor-element elementor-element-fb78e6a e-con-full e-flex e-con e-child\" data-id=\"fb78e6a\" data-element_type=\"container\" data-settings=\"{&quot;_ha_eqh_enable&quot;:false}\">\n\t\t\t\t<div class=\"elementor-element elementor-element-ad8d559 aux-appear-watch-animation aux-fade-in-up elementor-widget elementor-widget-aux_modern_heading\" data-id=\"ad8d559\" data-element_type=\"widget\" data-widget_type=\"aux_modern_heading.default\">\n\t\t\t\t<div class=\"elementor-widget-container\">\n\t\t\t\t\t<section class=\"aux-widget-modern-heading\">\n            <div class=\"aux-widget-inner\"><h2 class=\"aux-modern-heading-primary\">Une initiative pour soutenir le tourisme \u00e0 Madagascar<\/h2><h3 class=\"aux-modern-heading-secondary\"><span class=\"aux-head-before\">D\u00e9couvrir notre histoire<\/span><\/h3><div class=\"aux-modern-heading-divider\"><\/div><div class=\"aux-modern-heading-description\"><p>I Travel 2 Madagascar est n\u00e9 sous l\u2019initiative de quelques guides anglophones avec l\u2019aide de quelques touristes d\u00e9sireux de promouvoir Madagascar \u00e0 tous les niveaux.<\/p><p>Fond\u00e9e en 2022, IT2M vise \u00e0 planifier, organiser, r\u00e9pondre \u00e0 tous les amateurs de voyages, offrant des voyages \u00e0 forfait, de luxe, de milieu de gamme et des options de budget pour une exp\u00e9rience de voyage sauvage et libre.<\/p><p>Ce qui les rend sp\u00e9ciaux et c\u00e9l\u00e8bres, leur d\u00e9vouement \u00e0 la promotion de Madagascar Famadihana (c\u00e9r\u00e9monie de r\u00e9incarnation), leur service de qualit\u00e9 et leur exp\u00e9rience en tant que guides touristiques depuis 2009.<\/p><p>Ils donnent de nombreuses priorit\u00e9s \u00e0 la satisfaction et au bonheur des clients en fournissant des services de haute qualit\u00e9, en partageant les meilleurs itin\u00e9raires uniques et en offrant des options flexibles<\/p><\/div><\/div>\n        <\/section>\t\t\t\t<\/div>\n\t\t\t\t<\/div>\n\t\t\t\t<\/div>\n\t\t<div class=\"elementor-element elementor-element-b6c3233 e-con-full e-flex e-con e-child\" data-id=\"b6c3233\" data-element_type=\"container\" data-settings=\"{&quot;_ha_eqh_enable&quot;:false}\">\n\t\t\t\t<div class=\"elementor-element elementor-element-7ecc920 aux-appear-watch-animation aux-fade-in-up-2 elementor-widget elementor-widget-image\" data-id=\"7ecc920\" data-element_type=\"widget\" data-widget_type=\"image.default\">\n\t\t\t\t<div class=\"elementor-widget-container\">\n\t\t\t\t\t\t\t\t\t\t\t\t\t\t\t<img decoding=\"async\" src=\"https:\/\/itravel2madagascar.com\/wp-content\/uploads\/elementor\/thumbs\/3-qfn23e7sp01sjlr1z3ftsmu673vtxdqowsfi0woz0c.jpg\" title=\"3\" alt=\"3\" loading=\"lazy\" \/>\t\t\t\t\t\t\t\t\t\t\t\t\t\t\t<\/div>\n\t\t\t\t<\/div>\n\t\t\t\t<div class=\"elementor-element elementor-element-919e941 aux-appear-watch-animation aux-fade-in-up-1 elementor-widget elementor-widget-image\" data-id=\"919e941\" data-element_type=\"widget\" data-widget_type=\"image.default\">\n\t\t\t\t<div class=\"elementor-widget-container\">\n\t\t\t\t\t\t\t\t\t\t\t\t\t\t\t<img decoding=\"async\" src=\"https:\/\/itravel2madagascar.com\/wp-content\/uploads\/elementor\/thumbs\/1-qfn23agftpumfew5kh0ndpvss0703y3v67r3twxhl0.jpg\" title=\"1\" alt=\"1\" loading=\"lazy\" \/>\t\t\t\t\t\t\t\t\t\t\t\t\t\t\t<\/div>\n\t\t\t\t<\/div>\n\t\t\t\t<\/div>\n\t\t\t\t\t<\/div>\n\t\t\t\t<\/div>\n\t\t<div class=\"elementor-element elementor-element-c7bc582 e-con-full e-flex e-con e-child\" data-id=\"c7bc582\" data-element_type=\"container\" data-settings=\"{&quot;_ha_eqh_enable&quot;:false}\">\n\t\t\t\t<div class=\"elementor-element elementor-element-432ded6 aux-appear-watch-animation aux-fade-in-up elementor-widget elementor-widget-aux_modern_heading\" data-id=\"432ded6\" data-element_type=\"widget\" data-widget_type=\"aux_modern_heading.default\">\n\t\t\t\t<div class=\"elementor-widget-container\">\n\t\t\t\t\t<section class=\"aux-widget-modern-heading\">\n            <div class=\"aux-widget-inner\"><h2 class=\"aux-modern-heading-primary\">Qu'est-ce qui nous rend sp\u00e9ciale ?<\/h2><\/div>\n        <\/section>\t\t\t\t<\/div>\n\t\t\t\t<\/div>\n\t\t<div class=\"elementor-element elementor-element-cb05aa9 e-con-full e-flex e-con e-child\" data-id=\"cb05aa9\" data-element_type=\"container\" data-settings=\"{&quot;_ha_eqh_enable&quot;:false}\">\n\t\t<div class=\"elementor-element elementor-element-f0d288f aux-appear-watch-animation aux-fade-in-right e-con-full e-flex e-con e-child\" data-id=\"f0d288f\" data-element_type=\"container\" data-settings=\"{&quot;background_background&quot;:&quot;classic&quot;,&quot;_ha_eqh_enable&quot;:false}\">\n\t\t\t\t<div class=\"elementor-element elementor-element-14cc165 elementor-widget elementor-widget-aux_simple_svg\" data-id=\"14cc165\" data-element_type=\"widget\" data-widget_type=\"aux_simple_svg.default\">\n\t\t\t\t<div class=\"elementor-widget-container\">\n\t\t\t\t\t    <div class=\"aux-widget-container aux-simple-svg-container\">\n        <div class=\"aux-widget-container-inner\">\n            <div class=\"aux-the-svg\"><svg xmlns=\"http:\/\/www.w3.org\/2000\/svg\" viewbox=\"0 0 50 41.016\"><g transform=\"translate(0 -46)\"><g transform=\"translate(38.281 57.719)\"><path d=\"M392.977,166a.977.977,0,1,0,.977.977A.977.977,0,0,0,392.977,166Z\" transform=\"translate(-392 -166)\" \/><\/g><g transform=\"translate(0 46)\"><path d=\"M47.07,53.813H36.346l-3.1-6.193A2.914,2.914,0,0,0,30.629,46H19.371a2.914,2.914,0,0,0-2.621,1.62l-3.1,6.193H11.719v-.977a2.933,2.933,0,0,0-2.93-2.93H6.836a2.933,2.933,0,0,0-2.93,2.93v.977H2.93A2.933,2.933,0,0,0,0,56.742V84.086a2.933,2.933,0,0,0,2.93,2.93H47.07A2.933,2.933,0,0,0,50,84.086V56.742A2.933,2.933,0,0,0,47.07,53.813ZM18.5,48.493a.971.971,0,0,1,.874-.54H30.629a.972.972,0,0,1,.874.54l2.66,5.319H15.838ZM5.859,52.836a.978.978,0,0,1,.977-.977H8.789a.978.978,0,0,1,.977.977v.977H5.859ZM1.953,63.568H14.3a12.715,12.715,0,0,0,0,13.682H1.953ZM25,59.672A10.742,10.742,0,1,1,14.258,70.414,10.748,10.748,0,0,1,25,59.672ZM48.047,84.086a.978.978,0,0,1-.977.977H2.93a.978.978,0,0,1-.977-.977V79.2H15.842a12.688,12.688,0,0,0,18.315,0H48.047Zm0-6.836H35.7a12.7,12.7,0,0,0,0-13.672H48.047Zm0-15.625H34.158a12.688,12.688,0,0,0-18.315,0H1.953V56.742a.978.978,0,0,1,.977-.977H47.07a.978.978,0,0,1,.977.977Z\" transform=\"translate(0 -46)\" \/><\/g><g transform=\"translate(21.094 49.906)\"><path d=\"M222.836,86h-5.859a.977.977,0,0,0,0,1.953h5.859a.977.977,0,0,0,0-1.953Z\" transform=\"translate(-216 -86)\" \/><\/g><g transform=\"translate(16.211 61.625)\"><path d=\"M174.789,206a8.789,8.789,0,1,0,8.789,8.789A8.8,8.8,0,0,0,174.789,206Zm0,15.625a6.836,6.836,0,1,1,6.836-6.836A6.844,6.844,0,0,1,174.789,221.625Z\" transform=\"translate(-166 -206)\" \/><\/g><g transform=\"translate(20.117 65.531)\"><path d=\"M210.883,246A4.888,4.888,0,0,0,206,250.883a.977.977,0,0,0,1.953,0,2.933,2.933,0,0,1,2.93-2.93.977.977,0,0,0,0-1.953Z\" transform=\"translate(-206 -246)\" \/><\/g><g transform=\"translate(42.187 57.719)\"><path d=\"M434.93,166h-1.953a.977.977,0,0,0,0,1.953h1.953a.977.977,0,0,0,0-1.953Z\" transform=\"translate(-432 -166)\" \/><\/g><\/g><\/svg><\/div>\n        <\/div>\n    <\/div>\n    \t\t\t\t<\/div>\n\t\t\t\t<\/div>\n\t\t\t\t<div class=\"elementor-element elementor-element-077665c elementor-widget elementor-widget-aux_modern_heading\" data-id=\"077665c\" data-element_type=\"widget\" data-widget_type=\"aux_modern_heading.default\">\n\t\t\t\t<div class=\"elementor-widget-container\">\n\t\t\t\t\t<section class=\"aux-widget-modern-heading\">\n            <div class=\"aux-widget-inner\"><h2 class=\"aux-modern-heading-primary\">Des destinations exceptionnelles<\/h2><div class=\"aux-modern-heading-description\"><p>Andasibe, Sainte Marie, Nosy Be, Diego Suarez, Morondava, Tul\u00e9ar et Anjanjavy.<\/p><\/div><\/div>\n        <\/section>\t\t\t\t<\/div>\n\t\t\t\t<\/div>\n\t\t\t\t<\/div>\n\t\t<div class=\"elementor-element elementor-element-af20077 aux-appear-watch-animation aux-fade-in-right e-con-full e-flex e-con e-child\" data-id=\"af20077\" data-element_type=\"container\" data-settings=\"{&quot;background_background&quot;:&quot;classic&quot;,&quot;_ha_eqh_enable&quot;:false}\">\n\t\t\t\t<div class=\"elementor-element elementor-element-f988642 elementor-view-default elementor-widget elementor-widget-icon\" data-id=\"f988642\" data-element_type=\"widget\" data-widget_type=\"icon.default\">\n\t\t\t\t<div class=\"elementor-widget-container\">\n\t\t\t\t\t\t\t<div class=\"elementor-icon-wrapper\">\n\t\t\t<div class=\"elementor-icon\">\n\t\t\t<i aria-hidden=\"true\" class=\"auxicon auxicon-time\"><\/i>\t\t\t<\/div>\n\t\t<\/div>\n\t\t\t\t\t\t<\/div>\n\t\t\t\t<\/div>\n\t\t\t\t<div class=\"elementor-element elementor-element-514e1b6 elementor-widget elementor-widget-aux_modern_heading\" data-id=\"514e1b6\" data-element_type=\"widget\" data-widget_type=\"aux_modern_heading.default\">\n\t\t\t\t<div class=\"elementor-widget-container\">\n\t\t\t\t\t<section class=\"aux-widget-modern-heading\">\n            <div class=\"aux-widget-inner\"><h2 class=\"aux-modern-heading-primary\">Des Guides professionnels<\/h2><div class=\"aux-modern-heading-description\"><p>Une qualit\u00e9 de service et d\u2019exp\u00e9rience en tant que guides touristiques depuis 2009.<\/p><\/div><\/div>\n        <\/section>\t\t\t\t<\/div>\n\t\t\t\t<\/div>\n\t\t\t\t<\/div>\n\t\t<div class=\"elementor-element elementor-element-7faf50c aux-appear-watch-animation aux-fade-in-right e-con-full e-flex e-con e-child\" data-id=\"7faf50c\" data-element_type=\"container\" data-settings=\"{&quot;background_background&quot;:&quot;classic&quot;,&quot;_ha_eqh_enable&quot;:false}\">\n\t\t\t\t<div class=\"elementor-element elementor-element-c2c02ec elementor-view-default elementor-widget elementor-widget-icon\" data-id=\"c2c02ec\" data-element_type=\"widget\" data-widget_type=\"icon.default\">\n\t\t\t\t<div class=\"elementor-widget-container\">\n\t\t\t\t\t\t\t<div class=\"elementor-icon-wrapper\">\n\t\t\t<div class=\"elementor-icon\">\n\t\t\t<i aria-hidden=\"true\" class=\"far fa-grin-alt\"><\/i>\t\t\t<\/div>\n\t\t<\/div>\n\t\t\t\t\t\t<\/div>\n\t\t\t\t<\/div>\n\t\t\t\t<div class=\"elementor-element elementor-element-aeb5623 elementor-widget elementor-widget-aux_modern_heading\" data-id=\"aeb5623\" data-element_type=\"widget\" data-widget_type=\"aux_modern_heading.default\">\n\t\t\t\t<div class=\"elementor-widget-container\">\n\t\t\t\t\t<section class=\"aux-widget-modern-heading\">\n            <div class=\"aux-widget-inner\"><h2 class=\"aux-modern-heading-primary\">Nos zones d\u2019activit\u00e9s<br>\n-<\/h2><div class=\"aux-modern-heading-description\"><p>Vie sauvage, Lune de miel, Culture, Sant\u00e9, Affaires, Voyages...<\/p><\/div><\/div>\n        <\/section>\t\t\t\t<\/div>\n\t\t\t\t<\/div>\n\t\t\t\t<\/div>\n\t\t\t\t<\/div>\n\t\t\t\t<\/div>\n\t\t\t\t<\/div>","protected":false},"excerpt":{"rendered":"<p>Make your BestTravel with us I Travel 2 Madagascar mainly known as IT2M is one of the youngest Tour Operator in Antananarivo, Madagascar. Secret Of Beauty An initiative to support tourism in Madagascar DISCOVER OUR STORY I Travel 2 Madagascar was born under the initiative of a couple of English speaking guides with the help [&hellip;]<\/p>","protected":false},"author":1,"featured_media":0,"parent":0,"menu_order":0,"comment_status":"closed","ping_status":"closed","template":"elementor_header_footer","meta":{"footnotes":""},"class_list":["post-410","page","type-page","status-publish","hentry"],"yoast_head":"<!-- This site is optimized with the Yoast SEO plugin v26.7 - https:\/\/yoast.com\/wordpress\/plugins\/seo\/ -->\n<title>About us - I Travel 2 Madagascar<\/title>\n<meta name=\"description\" content=\"I Travel 2 Madagascar, tour operator located in Antananarivo. More than an itinerary, immerse yourself in the essence of this island.\" \/>\n<meta name=\"robots\" content=\"index, follow, max-snippet:-1, max-image-preview:large, max-video-preview:-1\" \/>\n<link rel=\"canonical\" href=\"https:\/\/itravel2madagascar.com\/fr\/about-us\/\" \/>\n<meta property=\"og:locale\" content=\"fr_FR\" \/>\n<meta property=\"og:type\" content=\"article\" \/>\n<meta property=\"og:title\" content=\"About us - I Travel 2 Madagascar\" \/>\n<meta property=\"og:description\" content=\"I Travel 2 Madagascar, tour operator located in Antananarivo. More than an itinerary, immerse yourself in the essence of this island.\" \/>\n<meta property=\"og:url\" content=\"https:\/\/itravel2madagascar.com\/fr\/about-us\/\" \/>\n<meta property=\"og:site_name\" content=\"I Travel 2 Madagascar\" \/>\n<meta property=\"article:modified_time\" content=\"2024-02-08T10:43:41+00:00\" \/>\n<meta property=\"og:image\" content=\"https:\/\/itravel2madagascar.com\/wp-content\/uploads\/elementor\/thumbs\/3-qfn23e7sp01sjlr1z3ftsmu673vtxdqowsfi0woz0c.jpg\" \/>\n<meta name=\"twitter:card\" content=\"summary_large_image\" \/>\n<meta name=\"twitter:label1\" content=\"Dur\u00e9e de lecture estim\u00e9e\" \/>\n\t<meta name=\"twitter:data1\" content=\"2 minutes\" \/>\n<script type=\"application\/ld+json\" class=\"yoast-schema-graph\">{\"@context\":\"https:\/\/schema.org\",\"@graph\":[{\"@type\":\"WebPage\",\"@id\":\"https:\/\/itravel2madagascar.com\/about-us\/\",\"url\":\"https:\/\/itravel2madagascar.com\/about-us\/\",\"name\":\"About us - I Travel 2 Madagascar\",\"isPartOf\":{\"@id\":\"https:\/\/itravel2madagascar.com\/#website\"},\"primaryImageOfPage\":{\"@id\":\"https:\/\/itravel2madagascar.com\/about-us\/#primaryimage\"},\"image\":{\"@id\":\"https:\/\/itravel2madagascar.com\/about-us\/#primaryimage\"},\"thumbnailUrl\":\"https:\/\/itravel2madagascar.com\/wp-content\/uploads\/elementor\/thumbs\/3-qfn23e7sp01sjlr1z3ftsmu673vtxdqowsfi0woz0c.jpg\",\"datePublished\":\"2023-11-21T02:19:38+00:00\",\"dateModified\":\"2024-02-08T10:43:41+00:00\",\"description\":\"I Travel 2 Madagascar, tour operator located in Antananarivo. More than an itinerary, immerse yourself in the essence of this island.\",\"breadcrumb\":{\"@id\":\"https:\/\/itravel2madagascar.com\/about-us\/#breadcrumb\"},\"inLanguage\":\"fr-FR\",\"potentialAction\":[{\"@type\":\"ReadAction\",\"target\":[\"https:\/\/itravel2madagascar.com\/about-us\/\"]}]},{\"@type\":\"ImageObject\",\"inLanguage\":\"fr-FR\",\"@id\":\"https:\/\/itravel2madagascar.com\/about-us\/#primaryimage\",\"url\":\"https:\/\/itravel2madagascar.com\/wp-content\/uploads\/elementor\/thumbs\/3-qfn23e7sp01sjlr1z3ftsmu673vtxdqowsfi0woz0c.jpg\",\"contentUrl\":\"https:\/\/itravel2madagascar.com\/wp-content\/uploads\/elementor\/thumbs\/3-qfn23e7sp01sjlr1z3ftsmu673vtxdqowsfi0woz0c.jpg\"},{\"@type\":\"BreadcrumbList\",\"@id\":\"https:\/\/itravel2madagascar.com\/about-us\/#breadcrumb\",\"itemListElement\":[{\"@type\":\"ListItem\",\"position\":1,\"name\":\"Home\",\"item\":\"https:\/\/itravel2madagascar.com\/\"},{\"@type\":\"ListItem\",\"position\":2,\"name\":\"About us\"}]},{\"@type\":\"WebSite\",\"@id\":\"https:\/\/itravel2madagascar.com\/#website\",\"url\":\"https:\/\/itravel2madagascar.com\/\",\"name\":\"I Travel 2 Madagascar\",\"description\":\"\",\"publisher\":{\"@id\":\"https:\/\/itravel2madagascar.com\/#organization\"},\"potentialAction\":[{\"@type\":\"SearchAction\",\"target\":{\"@type\":\"EntryPoint\",\"urlTemplate\":\"https:\/\/itravel2madagascar.com\/?s={search_term_string}\"},\"query-input\":{\"@type\":\"PropertyValueSpecification\",\"valueRequired\":true,\"valueName\":\"search_term_string\"}}],\"inLanguage\":\"fr-FR\"},{\"@type\":\"Organization\",\"@id\":\"https:\/\/itravel2madagascar.com\/#organization\",\"name\":\"I Travel 2 Madagascar\",\"url\":\"https:\/\/itravel2madagascar.com\/\",\"logo\":{\"@type\":\"ImageObject\",\"inLanguage\":\"fr-FR\",\"@id\":\"https:\/\/itravel2madagascar.com\/#\/schema\/logo\/image\/\",\"url\":\"https:\/\/itravel2madagascar.com\/wp-content\/uploads\/2023\/10\/logo-fond-transparent.png\",\"contentUrl\":\"https:\/\/itravel2madagascar.com\/wp-content\/uploads\/2023\/10\/logo-fond-transparent.png\",\"width\":277,\"height\":295,\"caption\":\"I Travel 2 Madagascar\"},\"image\":{\"@id\":\"https:\/\/itravel2madagascar.com\/#\/schema\/logo\/image\/\"}}]}<\/script>\n<!-- \/ Yoast SEO plugin. -->","yoast_head_json":{"title":"About us - I Travel 2 Madagascar","description":"I Travel 2 Madagascar, tour operator located in Antananarivo. More than an itinerary, immerse yourself in the essence of this island.","robots":{"index":"index","follow":"follow","max-snippet":"max-snippet:-1","max-image-preview":"max-image-preview:large","max-video-preview":"max-video-preview:-1"},"canonical":"https:\/\/itravel2madagascar.com\/fr\/about-us\/","og_locale":"fr_FR","og_type":"article","og_title":"About us - I Travel 2 Madagascar","og_description":"I Travel 2 Madagascar, tour operator located in Antananarivo. More than an itinerary, immerse yourself in the essence of this island.","og_url":"https:\/\/itravel2madagascar.com\/fr\/about-us\/","og_site_name":"I Travel 2 Madagascar","article_modified_time":"2024-02-08T10:43:41+00:00","og_image":[{"url":"https:\/\/itravel2madagascar.com\/wp-content\/uploads\/elementor\/thumbs\/3-qfn23e7sp01sjlr1z3ftsmu673vtxdqowsfi0woz0c.jpg","type":"","width":"","height":""}],"twitter_card":"summary_large_image","twitter_misc":{"Dur\u00e9e de lecture estim\u00e9e":"2 minutes"},"schema":{"@context":"https:\/\/schema.org","@graph":[{"@type":"WebPage","@id":"https:\/\/itravel2madagascar.com\/about-us\/","url":"https:\/\/itravel2madagascar.com\/about-us\/","name":"About us - I Travel 2 Madagascar","isPartOf":{"@id":"https:\/\/itravel2madagascar.com\/#website"},"primaryImageOfPage":{"@id":"https:\/\/itravel2madagascar.com\/about-us\/#primaryimage"},"image":{"@id":"https:\/\/itravel2madagascar.com\/about-us\/#primaryimage"},"thumbnailUrl":"https:\/\/itravel2madagascar.com\/wp-content\/uploads\/elementor\/thumbs\/3-qfn23e7sp01sjlr1z3ftsmu673vtxdqowsfi0woz0c.jpg","datePublished":"2023-11-21T02:19:38+00:00","dateModified":"2024-02-08T10:43:41+00:00","description":"I Travel 2 Madagascar, tour operator located in Antananarivo. More than an itinerary, immerse yourself in the essence of this island.","breadcrumb":{"@id":"https:\/\/itravel2madagascar.com\/about-us\/#breadcrumb"},"inLanguage":"fr-FR","potentialAction":[{"@type":"ReadAction","target":["https:\/\/itravel2madagascar.com\/about-us\/"]}]},{"@type":"ImageObject","inLanguage":"fr-FR","@id":"https:\/\/itravel2madagascar.com\/about-us\/#primaryimage","url":"https:\/\/itravel2madagascar.com\/wp-content\/uploads\/elementor\/thumbs\/3-qfn23e7sp01sjlr1z3ftsmu673vtxdqowsfi0woz0c.jpg","contentUrl":"https:\/\/itravel2madagascar.com\/wp-content\/uploads\/elementor\/thumbs\/3-qfn23e7sp01sjlr1z3ftsmu673vtxdqowsfi0woz0c.jpg"},{"@type":"BreadcrumbList","@id":"https:\/\/itravel2madagascar.com\/about-us\/#breadcrumb","itemListElement":[{"@type":"ListItem","position":1,"name":"Home","item":"https:\/\/itravel2madagascar.com\/"},{"@type":"ListItem","position":2,"name":"About us"}]},{"@type":"WebSite","@id":"https:\/\/itravel2madagascar.com\/#website","url":"https:\/\/itravel2madagascar.com\/","name":"I Travel 2 Madagascar","description":"","publisher":{"@id":"https:\/\/itravel2madagascar.com\/#organization"},"potentialAction":[{"@type":"SearchAction","target":{"@type":"EntryPoint","urlTemplate":"https:\/\/itravel2madagascar.com\/?s={search_term_string}"},"query-input":{"@type":"PropertyValueSpecification","valueRequired":true,"valueName":"search_term_string"}}],"inLanguage":"fr-FR"},{"@type":"Organization","@id":"https:\/\/itravel2madagascar.com\/#organization","name":"I Travel 2 Madagascar","url":"https:\/\/itravel2madagascar.com\/","logo":{"@type":"ImageObject","inLanguage":"fr-FR","@id":"https:\/\/itravel2madagascar.com\/#\/schema\/logo\/image\/","url":"https:\/\/itravel2madagascar.com\/wp-content\/uploads\/2023\/10\/logo-fond-transparent.png","contentUrl":"https:\/\/itravel2madagascar.com\/wp-content\/uploads\/2023\/10\/logo-fond-transparent.png","width":277,"height":295,"caption":"I Travel 2 Madagascar"},"image":{"@id":"https:\/\/itravel2madagascar.com\/#\/schema\/logo\/image\/"}}]}},"_links":{"self":[{"href":"https:\/\/itravel2madagascar.com\/fr\/wp-json\/wp\/v2\/pages\/410","targetHints":{"allow":["GET"]}}],"collection":[{"href":"https:\/\/itravel2madagascar.com\/fr\/wp-json\/wp\/v2\/pages"}],"about":[{"href":"https:\/\/itravel2madagascar.com\/fr\/wp-json\/wp\/v2\/types\/page"}],"author":[{"embeddable":true,"href":"https:\/\/itravel2madagascar.com\/fr\/wp-json\/wp\/v2\/users\/1"}],"replies":[{"embeddable":true,"href":"https:\/\/itravel2madagascar.com\/fr\/wp-json\/wp\/v2\/comments?post=410"}],"version-history":[{"count":0,"href":"https:\/\/itravel2madagascar.com\/fr\/wp-json\/wp\/v2\/pages\/410\/revisions"}],"wp:attachment":[{"href":"https:\/\/itravel2madagascar.com\/fr\/wp-json\/wp\/v2\/media?parent=410"}],"curies":[{"name":"wp","href":"https:\/\/api.w.org\/{rel}","templated":true}]}}